{"id":4752,"date":"2024-03-18T13:37:54","date_gmt":"2024-03-18T13:37:54","guid":{"rendered":"https:\/\/hexagone-diffusion.com\/fr\/?post_type=product&#038;p=4752"},"modified":"2026-04-07T15:44:08","modified_gmt":"2026-04-07T15:44:08","slug":"alien-blue-6mm","status":"publish","type":"product","link":"https:\/\/hexagone-diffusion.com\/fr\/produit\/alien-blue-6mm\/","title":{"rendered":"Alien Blue (6mm)"},"content":{"rendered":"<p>Touffes d&#8217;un bleu intense. Parfaites pour cr\u00e9er des plantes extraterrestres et fantastiques pour vos environnements de science-fiction, de fantasy et magiques. Associ\u00e9es \u00e0 d&#8217;autres couleurs et tailles, elles offrent une variation de couleur d\u00e9concertante \u00e0 vos sc\u00e8nes. Elles sont \u00e9galement utilis\u00e9es pour cr\u00e9er des r\u00e9cifs coralliens sous-marins fantastiques et color\u00e9s.<\/p>\n<p>Cette feuille contient environ 70 touffes de diff\u00e9rentes formes et tailles pour vos maquettes \u00e0 l&#8217;\u00e9chelle, vos figurines de hobby et vos dioramas sc\u00e9niques.<\/p>\n<p>Les touffes se d\u00e9tachent une par une de la feuille et sont pr\u00eates \u00e0 \u00eatre utilis\u00e9es.<\/p>\n","protected":false},"excerpt":{"rendered":"<p>Touffes d&#8217;un bleu intense. Parfaites pour cr\u00e9er des plantes extraterrestres et fantastiques pour vos environnements de science-fiction, de fantasy et magiques. Associ\u00e9es \u00e0 d&#8217;autres couleurs et tailles, elles offrent une variation de couleur d\u00e9concertante \u00e0 vos sc\u00e8nes. Elles sont \u00e9galement utilis\u00e9es pour cr\u00e9er des r\u00e9cifs coralliens sous-marins fantastiques et color\u00e9s. Cette feuille contient environ 70 [&hellip;]<\/p>\n","protected":false},"featured_media":4753,"comment_status":"open","ping_status":"closed","template":"","meta":{"content-type":""},"product_brand":[],"product_cat":[107],"product_tag":[],"class_list":{"0":"post-4752","1":"product","2":"type-product","3":"status-publish","4":"has-post-thumbnail","6":"product_cat-gamerg-tuft-regular-alien","8":"first","9":"instock","10":"taxable","11":"shipping-taxable","12":"purchasable","13":"product-type-simple"},"jetpack_sharing_enabled":true,"_links":{"self":[{"href":"https:\/\/hexagone-diffusion.com\/fr\/wp-json\/wp\/v2\/product\/4752","targetHints":{"allow":["GET"]}}],"collection":[{"href":"https:\/\/hexagone-diffusion.com\/fr\/wp-json\/wp\/v2\/product"}],"about":[{"href":"https:\/\/hexagone-diffusion.com\/fr\/wp-json\/wp\/v2\/types\/product"}],"replies":[{"embeddable":true,"href":"https:\/\/hexagone-diffusion.com\/fr\/wp-json\/wp\/v2\/comments?post=4752"}],"version-history":[{"count":0,"href":"https:\/\/hexagone-diffusion.com\/fr\/wp-json\/wp\/v2\/product\/4752\/revisions"}],"wp:featuredmedia":[{"embeddable":true,"href":"https:\/\/hexagone-diffusion.com\/fr\/wp-json\/wp\/v2\/media\/4753"}],"wp:attachment":[{"href":"https:\/\/hexagone-diffusion.com\/fr\/wp-json\/wp\/v2\/media?parent=4752"}],"wp:term":[{"taxonomy":"product_brand","embeddable":true,"href":"https:\/\/hexagone-diffusion.com\/fr\/wp-json\/wp\/v2\/product_brand?post=4752"},{"taxonomy":"product_cat","embeddable":true,"href":"https:\/\/hexagone-diffusion.com\/fr\/wp-json\/wp\/v2\/product_cat?post=4752"},{"taxonomy":"product_tag","embeddable":true,"href":"https:\/\/hexagone-diffusion.com\/fr\/wp-json\/wp\/v2\/product_tag?post=4752"}],"curies":[{"name":"wp","href":"https:\/\/api.w.org\/{rel}","templated":true}]}}