{"id":1637,"date":"2024-01-13T22:32:34","date_gmt":"2024-01-13T22:32:34","guid":{"rendered":"https:\/\/hexagone-diffusion.com\/fr\/?post_type=product&#038;p=1637"},"modified":"2024-10-01T19:37:35","modified_gmt":"2024-10-01T19:37:35","slug":"templars-space-knights-top-hatch-for-light-vehicles","status":"publish","type":"product","link":"https:\/\/hexagone-diffusion.com\/fr\/produit\/templars-space-knights-top-hatch-for-light-vehicles\/","title":{"rendered":"Templars Space Knights Top Hatch for Light Vehicles"},"content":{"rendered":"<p>Le kit comprend une trappe sup\u00e9rieure de v\u00e9hicule l\u00e9ger pour les chevaliers spatiaux Templiers, id\u00e9ale pour une utilisation avec des mod\u00e8les \u00e0 l&#8217;\u00e9chelle 28 mm. Parfait pour convertir des figurines pour diff\u00e9rents jeux. Le produit est en r\u00e9sine moul\u00e9e de haute qualit\u00e9. Il doit \u00eatre nettoy\u00e9 et peint.<\/p>\n","protected":false},"excerpt":{"rendered":"<p>Le kit comprend une trappe sup\u00e9rieure de v\u00e9hicule l\u00e9ger pour les chevaliers spatiaux Templiers, id\u00e9ale pour une utilisation avec des mod\u00e8les \u00e0 l&#8217;\u00e9chelle 28 mm. Parfait pour convertir des figurines pour diff\u00e9rents jeux. Le produit est en r\u00e9sine moul\u00e9e de haute qualit\u00e9. Il doit \u00eatre nettoy\u00e9 et peint.<\/p>\n","protected":false},"featured_media":1638,"comment_status":"open","ping_status":"closed","template":"","meta":{"content-type":""},"product_brand":[],"product_cat":[87],"product_tag":[],"class_list":{"0":"post-1637","1":"product","2":"type-product","3":"status-publish","4":"has-post-thumbnail","6":"product_cat-spellcrow-bitz-salamandra-templar","8":"first","9":"instock","10":"taxable","11":"shipping-taxable","12":"purchasable","13":"product-type-simple"},"jetpack_sharing_enabled":true,"_links":{"self":[{"href":"https:\/\/hexagone-diffusion.com\/fr\/wp-json\/wp\/v2\/product\/1637","targetHints":{"allow":["GET"]}}],"collection":[{"href":"https:\/\/hexagone-diffusion.com\/fr\/wp-json\/wp\/v2\/product"}],"about":[{"href":"https:\/\/hexagone-diffusion.com\/fr\/wp-json\/wp\/v2\/types\/product"}],"replies":[{"embeddable":true,"href":"https:\/\/hexagone-diffusion.com\/fr\/wp-json\/wp\/v2\/comments?post=1637"}],"version-history":[{"count":1,"href":"https:\/\/hexagone-diffusion.com\/fr\/wp-json\/wp\/v2\/product\/1637\/revisions"}],"predecessor-version":[{"id":13194,"href":"https:\/\/hexagone-diffusion.com\/fr\/wp-json\/wp\/v2\/product\/1637\/revisions\/13194"}],"wp:featuredmedia":[{"embeddable":true,"href":"https:\/\/hexagone-diffusion.com\/fr\/wp-json\/wp\/v2\/media\/1638"}],"wp:attachment":[{"href":"https:\/\/hexagone-diffusion.com\/fr\/wp-json\/wp\/v2\/media?parent=1637"}],"wp:term":[{"taxonomy":"product_brand","embeddable":true,"href":"https:\/\/hexagone-diffusion.com\/fr\/wp-json\/wp\/v2\/product_brand?post=1637"},{"taxonomy":"product_cat","embeddable":true,"href":"https:\/\/hexagone-diffusion.com\/fr\/wp-json\/wp\/v2\/product_cat?post=1637"},{"taxonomy":"product_tag","embeddable":true,"href":"https:\/\/hexagone-diffusion.com\/fr\/wp-json\/wp\/v2\/product_tag?post=1637"}],"curies":[{"name":"wp","href":"https:\/\/api.w.org\/{rel}","templated":true}]}}