{"id":1435,"date":"2024-01-12T15:11:27","date_gmt":"2024-01-12T15:11:27","guid":{"rendered":"https:\/\/hexagone-diffusion.com\/fr\/?post_type=product&#038;p=1435"},"modified":"2026-03-29T10:24:41","modified_gmt":"2026-03-29T10:24:41","slug":"plague-marks-ver-2","status":"publish","type":"product","link":"https:\/\/hexagone-diffusion.com\/fr\/produit\/plague-marks-ver-2\/","title":{"rendered":"Plague Marks ver.2"},"content":{"rendered":"<p>Le kit contient des Marques de la Peste(ver.2) id\u00e9ales pour une utilisation avec des mod\u00e8les \u00e0 l&#8217;\u00e9chelle 28 mm, des v\u00e9hicules et des dioramas. Parfait pour convertir des figurines pour diff\u00e9rents jeux. Le produit est en r\u00e9sine moul\u00e9e de haute qualit\u00e9. Il doit \u00eatre nettoy\u00e9 et peint.<\/p>\n","protected":false},"excerpt":{"rendered":"<p>Le kit contient des Marques de la Peste(ver.2) id\u00e9ales pour une utilisation avec des mod\u00e8les \u00e0 l&#8217;\u00e9chelle 28 mm, des v\u00e9hicules et des dioramas. Parfait pour convertir des figurines pour diff\u00e9rents jeux. Le produit est en r\u00e9sine moul\u00e9e de haute qualit\u00e9. Il doit \u00eatre nettoy\u00e9 et peint.<\/p>\n","protected":false},"featured_media":1436,"comment_status":"open","ping_status":"closed","template":"","meta":{"content-type":""},"product_brand":[],"product_cat":[48],"product_tag":[],"class_list":{"0":"post-1435","1":"product","2":"type-product","3":"status-publish","4":"has-post-thumbnail","6":"product_cat-spellcrow-bitz-plagueknight","8":"first","9":"outofstock","10":"taxable","11":"shipping-taxable","12":"purchasable","13":"product-type-simple"},"jetpack_sharing_enabled":true,"_links":{"self":[{"href":"https:\/\/hexagone-diffusion.com\/fr\/wp-json\/wp\/v2\/product\/1435","targetHints":{"allow":["GET"]}}],"collection":[{"href":"https:\/\/hexagone-diffusion.com\/fr\/wp-json\/wp\/v2\/product"}],"about":[{"href":"https:\/\/hexagone-diffusion.com\/fr\/wp-json\/wp\/v2\/types\/product"}],"replies":[{"embeddable":true,"href":"https:\/\/hexagone-diffusion.com\/fr\/wp-json\/wp\/v2\/comments?post=1435"}],"version-history":[{"count":1,"href":"https:\/\/hexagone-diffusion.com\/fr\/wp-json\/wp\/v2\/product\/1435\/revisions"}],"predecessor-version":[{"id":13157,"href":"https:\/\/hexagone-diffusion.com\/fr\/wp-json\/wp\/v2\/product\/1435\/revisions\/13157"}],"wp:featuredmedia":[{"embeddable":true,"href":"https:\/\/hexagone-diffusion.com\/fr\/wp-json\/wp\/v2\/media\/1436"}],"wp:attachment":[{"href":"https:\/\/hexagone-diffusion.com\/fr\/wp-json\/wp\/v2\/media?parent=1435"}],"wp:term":[{"taxonomy":"product_brand","embeddable":true,"href":"https:\/\/hexagone-diffusion.com\/fr\/wp-json\/wp\/v2\/product_brand?post=1435"},{"taxonomy":"product_cat","embeddable":true,"href":"https:\/\/hexagone-diffusion.com\/fr\/wp-json\/wp\/v2\/product_cat?post=1435"},{"taxonomy":"product_tag","embeddable":true,"href":"https:\/\/hexagone-diffusion.com\/fr\/wp-json\/wp\/v2\/product_tag?post=1435"}],"curies":[{"name":"wp","href":"https:\/\/api.w.org\/{rel}","templated":true}]}}