{"id":1335,"date":"2024-01-12T12:17:28","date_gmt":"2024-01-12T12:17:28","guid":{"rendered":"https:\/\/hexagone-diffusion.com\/fr\/?post_type=product&#038;p=1335"},"modified":"2024-09-29T21:32:23","modified_gmt":"2024-09-29T21:32:23","slug":"goblins-heads","status":"publish","type":"product","link":"https:\/\/hexagone-diffusion.com\/fr\/produit\/goblins-heads\/","title":{"rendered":"Goblins Heads"},"content":{"rendered":"<p>Le kit contient 10 t\u00eates de gobelins id\u00e9ales pour \u00eatre utilis\u00e9es avec des mod\u00e8les \u00e0 l&#8217;\u00e9chelle 28 mm. Parfait pour convertir des figurines pour diff\u00e9rents jeux. Le produit est en r\u00e9sine moul\u00e9e de haute qualit\u00e9 et doit \u00eatre nettoy\u00e9 et peint.<\/p>\n","protected":false},"excerpt":{"rendered":"<p>Le kit contient 10 t\u00eates de gobelins id\u00e9ales pour \u00eatre utilis\u00e9es avec des mod\u00e8les \u00e0 l&#8217;\u00e9chelle 28 mm. Parfait pour convertir des figurines pour diff\u00e9rents jeux. Le produit est en r\u00e9sine moul\u00e9e de haute qualit\u00e9 et doit \u00eatre nettoy\u00e9 et peint.<\/p>\n","protected":false},"featured_media":1336,"comment_status":"open","ping_status":"closed","template":"","meta":{"content-type":""},"product_brand":[],"product_cat":[43],"product_tag":[],"class_list":{"0":"post-1335","1":"product","2":"type-product","3":"status-publish","4":"has-post-thumbnail","6":"product_cat-spellcrow-bitz-orcs","8":"first","9":"instock","10":"taxable","11":"shipping-taxable","12":"purchasable","13":"product-type-simple"},"jetpack_sharing_enabled":true,"_links":{"self":[{"href":"https:\/\/hexagone-diffusion.com\/fr\/wp-json\/wp\/v2\/product\/1335","targetHints":{"allow":["GET"]}}],"collection":[{"href":"https:\/\/hexagone-diffusion.com\/fr\/wp-json\/wp\/v2\/product"}],"about":[{"href":"https:\/\/hexagone-diffusion.com\/fr\/wp-json\/wp\/v2\/types\/product"}],"replies":[{"embeddable":true,"href":"https:\/\/hexagone-diffusion.com\/fr\/wp-json\/wp\/v2\/comments?post=1335"}],"version-history":[{"count":1,"href":"https:\/\/hexagone-diffusion.com\/fr\/wp-json\/wp\/v2\/product\/1335\/revisions"}],"predecessor-version":[{"id":13110,"href":"https:\/\/hexagone-diffusion.com\/fr\/wp-json\/wp\/v2\/product\/1335\/revisions\/13110"}],"wp:featuredmedia":[{"embeddable":true,"href":"https:\/\/hexagone-diffusion.com\/fr\/wp-json\/wp\/v2\/media\/1336"}],"wp:attachment":[{"href":"https:\/\/hexagone-diffusion.com\/fr\/wp-json\/wp\/v2\/media?parent=1335"}],"wp:term":[{"taxonomy":"product_brand","embeddable":true,"href":"https:\/\/hexagone-diffusion.com\/fr\/wp-json\/wp\/v2\/product_brand?post=1335"},{"taxonomy":"product_cat","embeddable":true,"href":"https:\/\/hexagone-diffusion.com\/fr\/wp-json\/wp\/v2\/product_cat?post=1335"},{"taxonomy":"product_tag","embeddable":true,"href":"https:\/\/hexagone-diffusion.com\/fr\/wp-json\/wp\/v2\/product_tag?post=1335"}],"curies":[{"name":"wp","href":"https:\/\/api.w.org\/{rel}","templated":true}]}}