{"id":1208,"date":"2024-01-11T21:24:04","date_gmt":"2024-01-11T21:24:04","guid":{"rendered":"https:\/\/hexagone-diffusion.com\/fr\/?post_type=product&#038;p=1208"},"modified":"2024-02-19T15:42:54","modified_gmt":"2024-02-19T15:42:54","slug":"tathea-bubble-tree","status":"publish","type":"product","link":"https:\/\/hexagone-diffusion.com\/fr\/produit\/tathea-bubble-tree\/","title":{"rendered":"Tathea Bubble Tree"},"content":{"rendered":"<p>L&#8217;Arbre \u00e0 Bulbes Tathea est un mod\u00e8le en r\u00e9sine de haute qualit\u00e9 en trois pi\u00e8ces n\u00e9cessitant un assemblage, un nettoyage et une peinture. Parfait pour les jeux de r\u00f4le sur table, les jeux de guerre et les dioramas.<\/p>\n<p>Hauteur totale : 120 mm<\/p>\n<p>Taille de la base : 85 mm (L) x 80 mm (l) x 10 mm (H)<\/p>\n","protected":false},"excerpt":{"rendered":"<p>L&#8217;Arbre \u00e0 Bulbes Tathea est un mod\u00e8le en r\u00e9sine de haute qualit\u00e9 en trois pi\u00e8ces n\u00e9cessitant un assemblage, un nettoyage et une peinture. Parfait pour les jeux de r\u00f4le sur table, les jeux de guerre et les dioramas. Hauteur totale : 120 mm Taille de la base : 85 mm (L) x 80 mm (l) [&hellip;]<\/p>\n","protected":false},"featured_media":1209,"comment_status":"open","ping_status":"closed","template":"","meta":{"content-type":""},"product_brand":[],"product_cat":[42],"product_tag":[],"class_list":{"0":"post-1208","1":"product","2":"type-product","3":"status-publish","4":"has-post-thumbnail","6":"product_cat-spellcrow-accessoire","8":"first","9":"instock","10":"taxable","11":"shipping-taxable","12":"purchasable","13":"product-type-simple"},"jetpack_sharing_enabled":true,"_links":{"self":[{"href":"https:\/\/hexagone-diffusion.com\/fr\/wp-json\/wp\/v2\/product\/1208","targetHints":{"allow":["GET"]}}],"collection":[{"href":"https:\/\/hexagone-diffusion.com\/fr\/wp-json\/wp\/v2\/product"}],"about":[{"href":"https:\/\/hexagone-diffusion.com\/fr\/wp-json\/wp\/v2\/types\/product"}],"replies":[{"embeddable":true,"href":"https:\/\/hexagone-diffusion.com\/fr\/wp-json\/wp\/v2\/comments?post=1208"}],"version-history":[{"count":0,"href":"https:\/\/hexagone-diffusion.com\/fr\/wp-json\/wp\/v2\/product\/1208\/revisions"}],"wp:featuredmedia":[{"embeddable":true,"href":"https:\/\/hexagone-diffusion.com\/fr\/wp-json\/wp\/v2\/media\/1209"}],"wp:attachment":[{"href":"https:\/\/hexagone-diffusion.com\/fr\/wp-json\/wp\/v2\/media?parent=1208"}],"wp:term":[{"taxonomy":"product_brand","embeddable":true,"href":"https:\/\/hexagone-diffusion.com\/fr\/wp-json\/wp\/v2\/product_brand?post=1208"},{"taxonomy":"product_cat","embeddable":true,"href":"https:\/\/hexagone-diffusion.com\/fr\/wp-json\/wp\/v2\/product_cat?post=1208"},{"taxonomy":"product_tag","embeddable":true,"href":"https:\/\/hexagone-diffusion.com\/fr\/wp-json\/wp\/v2\/product_tag?post=1208"}],"curies":[{"name":"wp","href":"https:\/\/api.w.org\/{rel}","templated":true}]}}